{"id":7,"date":"2023-04-02T17:49:04","date_gmt":"2023-04-02T15:49:04","guid":{"rendered":"http:\/\/etude-parchemin.fr\/?page_id=7"},"modified":"2023-04-03T13:18:26","modified_gmt":"2023-04-03T11:18:26","slug":"parchemin-inscription","status":"publish","type":"page","link":"https:\/\/etude-parchemin.fr\/","title":{"rendered":"PARCHEMIN &#8211; INSCRIPTION"},"content":{"rendered":"\n<figure class=\"wp-block-image size-large\"><img loading=\"lazy\" decoding=\"async\" width=\"1024\" height=\"98\" src=\"https:\/\/etude-parchemin.fr\/wp-content\/uploads\/2023\/04\/PARCHEMIN-1024x98.png\" alt=\"\" class=\"wp-image-8\" srcset=\"https:\/\/etude-parchemin.fr\/wp-content\/uploads\/2023\/04\/PARCHEMIN-1024x98.png 1024w, https:\/\/etude-parchemin.fr\/wp-content\/uploads\/2023\/04\/PARCHEMIN-300x29.png 300w, https:\/\/etude-parchemin.fr\/wp-content\/uploads\/2023\/04\/PARCHEMIN-768x74.png 768w, https:\/\/etude-parchemin.fr\/wp-content\/uploads\/2023\/04\/PARCHEMIN-1536x147.png 1536w, https:\/\/etude-parchemin.fr\/wp-content\/uploads\/2023\/04\/PARCHEMIN-2048x197.png 2048w\" sizes=\"auto, (max-width: 1024px) 100vw, 1024px\" \/><\/figure>\n\n\n\n<div style=\"height:16px\" aria-hidden=\"true\" class=\"wp-block-spacer\"><\/div>\n\n\n\n<hr class=\"wp-block-separator has-alpha-channel-opacity\"\/>\n\n\n\n<div style=\"height:16px\" aria-hidden=\"true\" class=\"wp-block-spacer\"><\/div>\n\n\n\n<h1 class=\"wp-block-heading has-text-align-center has-extra-large-font-size\">Contractualisation en ligne<\/h1>\n\n\n\n<p class=\"has-text-align-center\">Je souhaite participer \u00e0 l&#8217;\u00e9tude en tant que m\u00e9decin investigateur* : je compl\u00e8te et signe ma convention.<\/p>\n\n\n\n<div class=\"wp-block-buttons is-horizontal is-content-justification-center is-layout-flex wp-container-core-buttons-is-layout-499968f5 wp-block-buttons-is-layout-flex\">\n<div class=\"wp-block-button is-style-fill\"><a class=\"wp-block-button__link has-foreground-color has-text-color has-background has-text-align-center wp-element-button\" href=\"https:\/\/www.cenexperimental.fr\/c1721\/\" style=\"border-radius:32px;background-color:#d3d8e4\"><strong>JE PARTICIPE<\/strong><\/a><\/div>\n<\/div>\n\n\n\n<p style=\"font-size:11px\">* Professionnel intervenant dans la recherche au sens de la M\u00e9thodologie de R\u00e9f\u00e9rence MR-004 applicable \u00e0 l\u2019\u00e9tude.<\/p>\n\n\n\n<hr class=\"wp-block-separator has-alpha-channel-opacity\"\/>\n\n\n\n<p class=\"has-text-align-center\" style=\"font-size:10px\">Les informations contenues dans cette page sont exclusivement destin\u00e9es aux professionnels de sant\u00e9. En consultant cette page, vous confirmez que vous \u00eates un professionnel de sant\u00e9.<br>Si vous n\u2019avez pas directement re\u00e7u un lien vers cette page web, nous vous remercions de quitter cette page et de ne pas compl\u00e9ter de questionnaire.<br><br><a href=\"https:\/\/etude-parchemin.fr\/wp-content\/uploads\/2023\/04\/C1721_CGU_0.1_GSMX_20230330.pdf\" target=\"_blank\" rel=\"noreferrer noopener\">Conditions g\u00e9n\u00e9rales d&#8217;utilisation<\/a><\/p>\n","protected":false},"excerpt":{"rendered":"<p>Contractualisation en ligne Je souhaite participer \u00e0 l&#8217;\u00e9tude en tant que m\u00e9decin investigateur* : je compl\u00e8te et signe ma convention. * Professionnel intervenant dans la recherche au sens de la M\u00e9thodologie de R\u00e9f\u00e9rence MR-004 applicable \u00e0 l\u2019\u00e9tude. Les informations contenues dans cette page sont exclusivement destin\u00e9es aux professionnels de sant\u00e9. En consultant cette page, vous&hellip; <a class=\"more-link\" href=\"https:\/\/etude-parchemin.fr\/\">Continue reading <span class=\"screen-reader-text\">PARCHEMIN &#8211; INSCRIPTION<\/span><\/a><\/p>\n","protected":false},"author":1,"featured_media":0,"parent":0,"menu_order":0,"comment_status":"closed","ping_status":"closed","template":"","meta":{"footnotes":""},"class_list":["post-7","page","type-page","status-publish","hentry","entry"],"_links":{"self":[{"href":"https:\/\/etude-parchemin.fr\/index.php?rest_route=\/wp\/v2\/pages\/7","targetHints":{"allow":["GET"]}}],"collection":[{"href":"https:\/\/etude-parchemin.fr\/index.php?rest_route=\/wp\/v2\/pages"}],"about":[{"href":"https:\/\/etude-parchemin.fr\/index.php?rest_route=\/wp\/v2\/types\/page"}],"author":[{"embeddable":true,"href":"https:\/\/etude-parchemin.fr\/index.php?rest_route=\/wp\/v2\/users\/1"}],"replies":[{"embeddable":true,"href":"https:\/\/etude-parchemin.fr\/index.php?rest_route=%2Fwp%2Fv2%2Fcomments&post=7"}],"version-history":[{"count":5,"href":"https:\/\/etude-parchemin.fr\/index.php?rest_route=\/wp\/v2\/pages\/7\/revisions"}],"predecessor-version":[{"id":20,"href":"https:\/\/etude-parchemin.fr\/index.php?rest_route=\/wp\/v2\/pages\/7\/revisions\/20"}],"wp:attachment":[{"href":"https:\/\/etude-parchemin.fr\/index.php?rest_route=%2Fwp%2Fv2%2Fmedia&parent=7"}],"curies":[{"name":"wp","href":"https:\/\/api.w.org\/{rel}","templated":true}]}}